{"id":346,"date":"2023-08-06T16:43:36","date_gmt":"2023-08-06T14:43:36","guid":{"rendered":"http:\/\/rheia.cz\/?page_id=346"},"modified":"2023-09-07T17:56:39","modified_gmt":"2023-09-07T15:56:39","slug":"kariera","status":"publish","type":"page","link":"http:\/\/rheia.cz\/rheia\/kariera\/","title":{"rendered":"Kari\u00e9ra"},"content":{"rendered":"\t\t<div data-elementor-type=\"wp-page\" data-elementor-id=\"346\" class=\"elementor elementor-346\">\n\t\t\t\t\t\t\t\t\t<section class=\"elementor-section elementor-top-section elementor-element elementor-element-c4fc727 elementor-section-boxed elementor-section-height-default elementor-section-height-default\" data-id=\"c4fc727\" data-element_type=\"section\">\n\t\t\t\t\t\t<div class=\"elementor-container elementor-column-gap-default\">\n\t\t\t\t\t<div class=\"elementor-column elementor-col-100 elementor-top-column elementor-element elementor-element-a938586\" data-id=\"a938586\" data-element_type=\"column\">\n\t\t\t<div class=\"elementor-widget-wrap elementor-element-populated\">\n\t\t\t\t\t\t\t\t<div class=\"elementor-element elementor-element-d436432 elementor-widget elementor-widget-html\" data-id=\"d436432\" data-element_type=\"widget\" data-widget_type=\"html.default\">\n\t\t\t\t<div class=\"elementor-widget-container\">\n\t\t\t<h1 style=\"font-size: 55px;\r\n    text-align:left;\">  <img style=\"height: 47px;\"src=\"http:\/\/rheia.cz\/wp-content\/uploads\/2023\/08\/cropped-fav.png\">  Kari\u00e9ra<\/h1>\r\n    <i style=\"text-align:center; color: silver;\">Moment\u00e1ln\u011b nenab\u00edzime \u017e\u00e1dn\u00e9 voln\u00e9 pozice.<\/i>\t\t<\/div>\n\t\t\t\t<\/div>\n\t\t\t\t\t<\/div>\n\t\t<\/div>\n\t\t\t\t\t\t\t<\/div>\n\t\t<\/section>\n\t\t\t\t<section class=\"elementor-section elementor-top-section elementor-element elementor-element-3e51b9d elementor-section-height-min-height elementor-section-boxed elementor-section-height-default elementor-section-items-middle\" data-id=\"3e51b9d\" data-element_type=\"section\">\n\t\t\t\t\t\t<div class=\"elementor-container elementor-column-gap-default\">\n\t\t\t\t\t<div class=\"elementor-column elementor-col-100 elementor-top-column elementor-element elementor-element-3baacb3\" data-id=\"3baacb3\" data-element_type=\"column\">\n\t\t\t<div class=\"elementor-widget-wrap\">\n\t\t\t\t\t\t\t\t\t<\/div>\n\t\t<\/div>\n\t\t\t\t\t\t\t<\/div>\n\t\t<\/section>\n\t\t\t\t\t\t\t<\/div>\n\t\t","protected":false},"excerpt":{"rendered":"<p>Kari\u00e9ra Moment\u00e1ln\u011b nenab\u00edzime \u017e\u00e1dn\u00e9 voln\u00e9 pozice.<\/p>\n","protected":false},"author":1,"featured_media":0,"parent":0,"menu_order":0,"comment_status":"closed","ping_status":"closed","template":"","meta":{"site-sidebar-layout":"no-sidebar","site-content-layout":"page-builder","ast-global-header-display":"","ast-banner-title-visibility":"","ast-main-header-display":"","ast-hfb-above-header-display":"","ast-hfb-below-header-display":"","ast-hfb-mobile-header-display":"","site-post-title":"disabled","ast-breadcrumbs-content":"","ast-featured-img":"disabled","footer-sml-layout":"","theme-transparent-header-meta":"","adv-header-id-meta":"","stick-header-meta":"","header-above-stick-meta":"","header-main-stick-meta":"","header-below-stick-meta":"","footnotes":""},"class_list":["post-346","page","type-page","status-publish","hentry"],"yoast_head":"<!-- This site is optimized with the Yoast SEO plugin v21.0 - https:\/\/yoast.com\/wordpress\/plugins\/seo\/ -->\n<title>Kari\u00e9ra - RHEIA - V\u00e1\u0161 specialista na izolace<\/title>\n<meta name=\"robots\" content=\"index, follow, max-snippet:-1, max-image-preview:large, max-video-preview:-1\" \/>\n<link rel=\"canonical\" href=\"http:\/\/rheia.cz\/rheia\/kariera\/\" \/>\n<meta property=\"og:locale\" content=\"cs_CZ\" \/>\n<meta property=\"og:type\" content=\"article\" \/>\n<meta property=\"og:title\" content=\"Kari\u00e9ra - RHEIA - V\u00e1\u0161 specialista na izolace\" \/>\n<meta property=\"og:description\" content=\"Kari\u00e9ra Moment\u00e1ln\u011b nenab\u00edzime \u017e\u00e1dn\u00e9 voln\u00e9 pozice.\" \/>\n<meta property=\"og:url\" content=\"http:\/\/rheia.cz\/rheia\/kariera\/\" \/>\n<meta property=\"og:site_name\" content=\"RHEIA - V\u00e1\u0161 specialista na izolace\" \/>\n<meta property=\"article:modified_time\" content=\"2023-09-07T15:56:39+00:00\" \/>\n<meta property=\"og:image\" content=\"http:\/\/rheia.cz\/wp-content\/uploads\/2023\/08\/cropped-fav.png\" \/>\n<meta name=\"twitter:card\" content=\"summary_large_image\" \/>\n<meta name=\"twitter:label1\" content=\"Odhadovan\u00e1 doba \u010dten\u00ed\" \/>\n\t<meta name=\"twitter:data1\" content=\"1 minuta\" \/>\n<script type=\"application\/ld+json\" class=\"yoast-schema-graph\">{\"@context\":\"https:\/\/schema.org\",\"@graph\":[{\"@type\":\"WebPage\",\"@id\":\"http:\/\/rheia.cz\/rheia\/kariera\/\",\"url\":\"http:\/\/rheia.cz\/rheia\/kariera\/\",\"name\":\"Kari\u00e9ra - RHEIA - V\u00e1\u0161 specialista na izolace\",\"isPartOf\":{\"@id\":\"http:\/\/rheia.cz\/rheia\/#website\"},\"datePublished\":\"2023-08-06T14:43:36+00:00\",\"dateModified\":\"2023-09-07T15:56:39+00:00\",\"breadcrumb\":{\"@id\":\"http:\/\/rheia.cz\/rheia\/kariera\/#breadcrumb\"},\"inLanguage\":\"cs\",\"potentialAction\":[{\"@type\":\"ReadAction\",\"target\":[\"http:\/\/rheia.cz\/rheia\/kariera\/\"]}]},{\"@type\":\"BreadcrumbList\",\"@id\":\"http:\/\/rheia.cz\/rheia\/kariera\/#breadcrumb\",\"itemListElement\":[{\"@type\":\"ListItem\",\"position\":1,\"name\":\"Dom\u016f\",\"item\":\"http:\/\/rheia.cz\/rheia\/\"},{\"@type\":\"ListItem\",\"position\":2,\"name\":\"Kari\u00e9ra\"}]},{\"@type\":\"WebSite\",\"@id\":\"http:\/\/rheia.cz\/rheia\/#website\",\"url\":\"http:\/\/rheia.cz\/rheia\/\",\"name\":\"RHEIA - V\u00e1\u0161 specialista na izolace\",\"description\":\"\",\"publisher\":{\"@id\":\"http:\/\/rheia.cz\/rheia\/#organization\"},\"potentialAction\":[{\"@type\":\"SearchAction\",\"target\":{\"@type\":\"EntryPoint\",\"urlTemplate\":\"http:\/\/rheia.cz\/rheia\/?s={search_term_string}\"},\"query-input\":\"required name=search_term_string\"}],\"inLanguage\":\"cs\"},{\"@type\":\"Organization\",\"@id\":\"http:\/\/rheia.cz\/rheia\/#organization\",\"name\":\"RHEIA - V\u00e1\u0161 specialista na izolace\",\"url\":\"http:\/\/rheia.cz\/rheia\/\",\"logo\":{\"@type\":\"ImageObject\",\"inLanguage\":\"cs\",\"@id\":\"http:\/\/rheia.cz\/rheia\/#\/schema\/logo\/image\/\",\"url\":\"http:\/\/rheia.cz\/wp-content\/uploads\/2023\/08\/cropped-lg01.png\",\"contentUrl\":\"http:\/\/rheia.cz\/wp-content\/uploads\/2023\/08\/cropped-lg01.png\",\"width\":1373,\"height\":446,\"caption\":\"RHEIA - V\u00e1\u0161 specialista na izolace\"},\"image\":{\"@id\":\"http:\/\/rheia.cz\/rheia\/#\/schema\/logo\/image\/\"}}]}<\/script>\n<!-- \/ Yoast SEO plugin. -->","yoast_head_json":{"title":"Kari\u00e9ra - RHEIA - V\u00e1\u0161 specialista na izolace","robots":{"index":"index","follow":"follow","max-snippet":"max-snippet:-1","max-image-preview":"max-image-preview:large","max-video-preview":"max-video-preview:-1"},"canonical":"http:\/\/rheia.cz\/rheia\/kariera\/","og_locale":"cs_CZ","og_type":"article","og_title":"Kari\u00e9ra - RHEIA - V\u00e1\u0161 specialista na izolace","og_description":"Kari\u00e9ra Moment\u00e1ln\u011b nenab\u00edzime \u017e\u00e1dn\u00e9 voln\u00e9 pozice.","og_url":"http:\/\/rheia.cz\/rheia\/kariera\/","og_site_name":"RHEIA - V\u00e1\u0161 specialista na izolace","article_modified_time":"2023-09-07T15:56:39+00:00","og_image":[{"url":"http:\/\/rheia.cz\/wp-content\/uploads\/2023\/08\/cropped-fav.png"}],"twitter_card":"summary_large_image","twitter_misc":{"Odhadovan\u00e1 doba \u010dten\u00ed":"1 minuta"},"schema":{"@context":"https:\/\/schema.org","@graph":[{"@type":"WebPage","@id":"http:\/\/rheia.cz\/rheia\/kariera\/","url":"http:\/\/rheia.cz\/rheia\/kariera\/","name":"Kari\u00e9ra - RHEIA - V\u00e1\u0161 specialista na izolace","isPartOf":{"@id":"http:\/\/rheia.cz\/rheia\/#website"},"datePublished":"2023-08-06T14:43:36+00:00","dateModified":"2023-09-07T15:56:39+00:00","breadcrumb":{"@id":"http:\/\/rheia.cz\/rheia\/kariera\/#breadcrumb"},"inLanguage":"cs","potentialAction":[{"@type":"ReadAction","target":["http:\/\/rheia.cz\/rheia\/kariera\/"]}]},{"@type":"BreadcrumbList","@id":"http:\/\/rheia.cz\/rheia\/kariera\/#breadcrumb","itemListElement":[{"@type":"ListItem","position":1,"name":"Dom\u016f","item":"http:\/\/rheia.cz\/rheia\/"},{"@type":"ListItem","position":2,"name":"Kari\u00e9ra"}]},{"@type":"WebSite","@id":"http:\/\/rheia.cz\/rheia\/#website","url":"http:\/\/rheia.cz\/rheia\/","name":"RHEIA - V\u00e1\u0161 specialista na izolace","description":"","publisher":{"@id":"http:\/\/rheia.cz\/rheia\/#organization"},"potentialAction":[{"@type":"SearchAction","target":{"@type":"EntryPoint","urlTemplate":"http:\/\/rheia.cz\/rheia\/?s={search_term_string}"},"query-input":"required name=search_term_string"}],"inLanguage":"cs"},{"@type":"Organization","@id":"http:\/\/rheia.cz\/rheia\/#organization","name":"RHEIA - V\u00e1\u0161 specialista na izolace","url":"http:\/\/rheia.cz\/rheia\/","logo":{"@type":"ImageObject","inLanguage":"cs","@id":"http:\/\/rheia.cz\/rheia\/#\/schema\/logo\/image\/","url":"http:\/\/rheia.cz\/wp-content\/uploads\/2023\/08\/cropped-lg01.png","contentUrl":"http:\/\/rheia.cz\/wp-content\/uploads\/2023\/08\/cropped-lg01.png","width":1373,"height":446,"caption":"RHEIA - V\u00e1\u0161 specialista na izolace"},"image":{"@id":"http:\/\/rheia.cz\/rheia\/#\/schema\/logo\/image\/"}}]}},"_links":{"self":[{"href":"http:\/\/rheia.cz\/rheia\/wp-json\/wp\/v2\/pages\/346","targetHints":{"allow":["GET"]}}],"collection":[{"href":"http:\/\/rheia.cz\/rheia\/wp-json\/wp\/v2\/pages"}],"about":[{"href":"http:\/\/rheia.cz\/rheia\/wp-json\/wp\/v2\/types\/page"}],"author":[{"embeddable":true,"href":"http:\/\/rheia.cz\/rheia\/wp-json\/wp\/v2\/users\/1"}],"replies":[{"embeddable":true,"href":"http:\/\/rheia.cz\/rheia\/wp-json\/wp\/v2\/comments?post=346"}],"version-history":[{"count":13,"href":"http:\/\/rheia.cz\/rheia\/wp-json\/wp\/v2\/pages\/346\/revisions"}],"predecessor-version":[{"id":601,"href":"http:\/\/rheia.cz\/rheia\/wp-json\/wp\/v2\/pages\/346\/revisions\/601"}],"wp:attachment":[{"href":"http:\/\/rheia.cz\/rheia\/wp-json\/wp\/v2\/media?parent=346"}],"curies":[{"name":"wp","href":"https:\/\/api.w.org\/{rel}","templated":true}]}}