{"id":463,"date":"2023-08-23T16:27:36","date_gmt":"2023-08-23T14:27:36","guid":{"rendered":"http:\/\/rheia.cz\/?page_id=463"},"modified":"2025-03-08T16:57:46","modified_gmt":"2025-03-08T15:57:46","slug":"izolace-chlazenych-prostoru-brno","status":"publish","type":"page","link":"http:\/\/rheia.cz\/rheia\/izolace-chlazenych-prostoru-brno\/","title":{"rendered":"Izolace chlazen\u00fdch prostor\u016f"},"content":{"rendered":"\t\t<div data-elementor-type=\"wp-page\" data-elementor-id=\"463\" class=\"elementor elementor-463\">\n\t\t\t\t\t\t\t\t\t<section class=\"elementor-section elementor-top-section elementor-element elementor-element-1358b0c elementor-section-boxed elementor-section-height-default elementor-section-height-default\" data-id=\"1358b0c\" data-element_type=\"section\">\n\t\t\t\t\t\t<div class=\"elementor-container elementor-column-gap-default\">\n\t\t\t\t\t<div class=\"elementor-column elementor-col-100 elementor-top-column elementor-element elementor-element-33dcc9f\" data-id=\"33dcc9f\" data-element_type=\"column\">\n\t\t\t<div class=\"elementor-widget-wrap elementor-element-populated\">\n\t\t\t\t\t\t\t\t<div class=\"elementor-element elementor-element-842040d elementor-widget elementor-widget-html\" data-id=\"842040d\" data-element_type=\"widget\" data-widget_type=\"html.default\">\n\t\t\t\t<div class=\"elementor-widget-container\">\n\t\t\t<h2 style=\"font-size: 55px;\r\n    text-align:left;\">  <img style=\"height: 47px;\"src=\"http:\/\/rheia.cz\/wp-content\/uploads\/2023\/08\/cropped-fav.png\">  Izolace chlazen\u00fdch technologick\u00fdch <l style=\"padding-left: 65px;\">za\u0159\u00edzen\u00ed a rozvod\u016f<\/l><\/h2>\r\n    \r\n    \r\n    <a style=\"font-size:15px; color:#717577;\"><i>Izolace chlazen\u00fdch prostor\u016f je nezbytn\u00fdm prvkem pro bezpe\u010dn\u00e9 a \u00fa\u010dinn\u00e9 chlazen\u00ed v pr\u016fmyslov\u00fdch a komer\u010dn\u00edch aplikac\u00edch. Spr\u00e1vn\u00e1 izolace zaru\u010duje, \u017ee teploty budou udr\u017eov\u00e1ny na po\u017eadovan\u00e9 \u00farovni, co\u017e m\u00e1 z\u00e1sadn\u00ed v\u00fdznam pro zachov\u00e1n\u00ed kvality potravin nebo l\u00e9\u010div\u00fdch produkt\u016f a minimalizaci energetick\u00fdch n\u00e1klad\u016f. <\/i><\/a>\t\t<\/div>\n\t\t\t\t<\/div>\n\t\t\t\t\t<\/div>\n\t\t<\/div>\n\t\t\t\t\t\t\t<\/div>\n\t\t<\/section>\n\t\t\t\t<section class=\"elementor-section elementor-top-section elementor-element elementor-element-ef78bd5 elementor-section-boxed elementor-section-height-default elementor-section-height-default\" data-id=\"ef78bd5\" data-element_type=\"section\">\n\t\t\t\t\t\t<div class=\"elementor-container elementor-column-gap-default\">\n\t\t\t\t\t<div class=\"elementor-column elementor-col-100 elementor-top-column elementor-element elementor-element-a06c031\" data-id=\"a06c031\" data-element_type=\"column\">\n\t\t\t<div class=\"elementor-widget-wrap elementor-element-populated\">\n\t\t\t\t\t\t\t\t<div class=\"elementor-element elementor-element-499e0a1 elementor-widget elementor-widget-text-editor\" data-id=\"499e0a1\" data-element_type=\"widget\" data-widget_type=\"text-editor.default\">\n\t\t\t\t<div class=\"elementor-widget-container\">\n\t\t\t<style>\/*! elementor - v3.15.0 - 02-08-2023 *\/\n.elementor-widget-text-editor.elementor-drop-cap-view-stacked .elementor-drop-cap{background-color:#69727d;color:#fff}.elementor-widget-text-editor.elementor-drop-cap-view-framed .elementor-drop-cap{color:#69727d;border:3px solid;background-color:transparent}.elementor-widget-text-editor:not(.elementor-drop-cap-view-default) .elementor-drop-cap{margin-top:8px}.elementor-widget-text-editor:not(.elementor-drop-cap-view-default) .elementor-drop-cap-letter{width:1em;height:1em}.elementor-widget-text-editor .elementor-drop-cap{float:left;text-align:center;line-height:1;font-size:50px}.elementor-widget-text-editor .elementor-drop-cap-letter{display:inline-block}<\/style>\t\t\t\t<ul><li><strong>Energetick\u00e1 \u00fa\u010dinnost:<\/strong> Izolace chlazen\u00fdch za\u0159\u00edzen\u00ed a rozvod\u016f je kl\u00ed\u010dov\u00fdm prvkem pro energetickou \u00fa\u010dinnost a sni\u017eov\u00e1n\u00ed n\u00e1klad\u016f na chlazen\u00ed.<\/li><li><strong>Ochrana \u017eivotn\u00edho prost\u0159ed\u00ed:<\/strong> P\u0159isp\u00edv\u00e1 k ochran\u011b \u017eivotn\u00edho prost\u0159ed\u00ed sn\u00ed\u017een\u00edm energetick\u00e9 spot\u0159eby a emis\u00ed sklen\u00edkov\u00fdch plyn\u016f.<\/li><li><strong>Dlouh\u00e1 \u017eivotnost:<\/strong> Kvalitn\u00ed izolace m\u016f\u017ee fungovat mnoho let a vy\u017eadovat jen minim\u00e1ln\u00ed \u00fadr\u017ebu. To znamen\u00e1, \u017ee investice do izolace m\u00e1 rychlou n\u00e1vratnost, dlouhou \u017eivotnost a nemalou \u00fasporu finan\u010dn\u00edch prost\u0159edk\u016f.<\/li><li><strong>Minim\u00e1ln\u00ed riziko kondenzace:<\/strong> Kondenzace vlhkosti na povrchu chladic\u00edch za\u0159\u00edzen\u00ed nebo izolace m\u016f\u017ee zp\u016fsobit probl\u00e9my, jako je hniloba nebo korozn\u00ed po\u0161kozen\u00ed. Spr\u00e1vn\u00e1 izolace eliminuje riziko kondenzace.<\/li><\/ul><p>\u00a0<\/p>\t\t\t\t\t\t<\/div>\n\t\t\t\t<\/div>\n\t\t\t\t<div class=\"elementor-element elementor-element-4a2f53d elementor-align-center elementor-widget elementor-widget-button\" data-id=\"4a2f53d\" data-element_type=\"widget\" data-widget_type=\"button.default\">\n\t\t\t\t<div class=\"elementor-widget-container\">\n\t\t\t\t\t<div class=\"elementor-button-wrapper\">\n\t\t\t<a class=\"elementor-button elementor-button-link elementor-size-sm\" href=\"http:\/\/rheia.cz\/galerie\/\">\n\t\t\t\t\t\t<span class=\"elementor-button-content-wrapper\">\n\t\t\t\t\t\t<span class=\"elementor-button-text\">Galerie<\/span>\n\t\t<\/span>\n\t\t\t\t\t<\/a>\n\t\t<\/div>\n\t\t\t\t<\/div>\n\t\t\t\t<\/div>\n\t\t\t\t\t<\/div>\n\t\t<\/div>\n\t\t\t\t\t\t\t<\/div>\n\t\t<\/section>\n\t\t\t\t<section class=\"elementor-section elementor-top-section elementor-element elementor-element-13acbf4 elementor-section-boxed elementor-section-height-default elementor-section-height-default\" data-id=\"13acbf4\" data-element_type=\"section\">\n\t\t\t\t\t\t<div class=\"elementor-container elementor-column-gap-default\">\n\t\t\t\t\t<div class=\"elementor-column elementor-col-33 elementor-top-column elementor-element elementor-element-86de58d\" data-id=\"86de58d\" data-element_type=\"column\">\n\t\t\t<div class=\"elementor-widget-wrap elementor-element-populated\">\n\t\t\t\t\t\t\t\t<div class=\"elementor-element elementor-element-a305d86 elementor-widget elementor-widget-html\" data-id=\"a305d86\" data-element_type=\"widget\" data-widget_type=\"html.default\">\n\t\t\t\t<div class=\"elementor-widget-container\">\n\t\t\t<h1 style=\"font-size: 45px;\r\n    text-align:left;\">  <img style=\"height: 47px;\"src=\"http:\/\/rheia.cz\/wp-content\/uploads\/2023\/08\/cropped-fav.png\">Kontaktujte n\u00e1s<\/h1>\t\t<\/div>\n\t\t\t\t<\/div>\n\t\t\t\t<div class=\"elementor-element elementor-element-1305219 elementor-icon-list--layout-traditional elementor-list-item-link-full_width elementor-widget elementor-widget-icon-list\" data-id=\"1305219\" data-element_type=\"widget\" data-widget_type=\"icon-list.default\">\n\t\t\t\t<div class=\"elementor-widget-container\">\n\t\t\t<link rel=\"stylesheet\" href=\"http:\/\/rheia.cz\/wp-content\/plugins\/elementor\/assets\/css\/widget-icon-list.min.css\">\t\t<ul class=\"elementor-icon-list-items\">\n\t\t\t\t\t\t\t<li class=\"elementor-icon-list-item\">\n\t\t\t\t\t\t\t\t\t\t\t<span class=\"elementor-icon-list-icon\">\n\t\t\t\t\t\t\t<i aria-hidden=\"true\" class=\"fas fa-mobile-alt\"><\/i>\t\t\t\t\t\t<\/span>\n\t\t\t\t\t\t\t\t\t\t<span class=\"elementor-icon-list-text\">+420 775 913 166<\/span>\n\t\t\t\t\t\t\t\t\t<\/li>\n\t\t\t\t\t\t\t\t<li class=\"elementor-icon-list-item\">\n\t\t\t\t\t\t\t\t\t\t\t<span class=\"elementor-icon-list-icon\">\n\t\t\t\t\t\t\t<i aria-hidden=\"true\" class=\"fas fa-mobile\"><\/i>\t\t\t\t\t\t<\/span>\n\t\t\t\t\t\t\t\t\t\t<span class=\"elementor-icon-list-text\">+420 775 913 169<\/span>\n\t\t\t\t\t\t\t\t\t<\/li>\n\t\t\t\t\t\t\t\t<li class=\"elementor-icon-list-item\">\n\t\t\t\t\t\t\t\t\t\t\t<span class=\"elementor-icon-list-icon\">\n\t\t\t\t\t\t\t<i aria-hidden=\"true\" class=\"far fa-envelope\"><\/i>\t\t\t\t\t\t<\/span>\n\t\t\t\t\t\t\t\t\t\t<span class=\"elementor-icon-list-text\">technickeizolace@seznam.cz<\/span>\n\t\t\t\t\t\t\t\t\t<\/li>\n\t\t\t\t\t\t<\/ul>\n\t\t\t\t<\/div>\n\t\t\t\t<\/div>\n\t\t\t\t\t<\/div>\n\t\t<\/div>\n\t\t\t\t<div class=\"elementor-column elementor-col-66 elementor-top-column elementor-element elementor-element-6ac41be\" data-id=\"6ac41be\" data-element_type=\"column\">\n\t\t\t<div class=\"elementor-widget-wrap elementor-element-populated\">\n\t\t\t\t\t\t\t\t<div class=\"elementor-element elementor-element-60114e6 elementor-widget elementor-widget-wpforms\" data-id=\"60114e6\" data-element_type=\"widget\" data-widget_type=\"wpforms.default\">\n\t\t\t\t<div class=\"elementor-widget-container\">\n\t\t\t<div class=\"wpforms-container \" id=\"wpforms-303\"><form id=\"wpforms-form-303\" class=\"wpforms-validate wpforms-form wpforms-ajax-form\" data-formid=\"303\" method=\"post\" enctype=\"multipart\/form-data\" action=\"\/rheia\/wp-json\/wp\/v2\/pages\/463?wpforms_form_id=303\" data-token=\"6cfd21d5f58396fe68dae4f811f78bb8\"><noscript class=\"wpforms-error-noscript\">Chcete-li vyplnit tento formul\u00e1\u0159, pros\u00edm povolte v prohl\u00ed\u017ee\u010di JavaScript.<\/noscript><div class=\"wpforms-field-container\"><div id=\"wpforms-303-field_1-container\" class=\"wpforms-field wpforms-field-name\" data-field-id=\"1\"><label class=\"wpforms-field-label\" for=\"wpforms-303-field_1\">Jm\u00e9no \/ Firma <span class=\"wpforms-required-label\">*<\/span><\/label><input type=\"text\" id=\"wpforms-303-field_1\" class=\"wpforms-field-medium wpforms-field-required\" name=\"wpforms[fields][1]\" required><div class=\"wpforms-field-description\">Napi\u0161te va\u0161e jm\u00e9no, nebo n\u00e1zev firmy<\/div><\/div><div id=\"wpforms-303-field_2-container\" class=\"wpforms-field wpforms-field-email\" data-field-id=\"2\"><label class=\"wpforms-field-label\" for=\"wpforms-303-field_2\">E-mail <span class=\"wpforms-required-label\">*<\/span><\/label><input type=\"email\" id=\"wpforms-303-field_2\" class=\"wpforms-field-medium wpforms-field-required\" name=\"wpforms[fields][2]\" spellcheck=\"false\" required><div class=\"wpforms-field-description\">Vypl\u0148te v\u00e1\u0161 e-mail<\/div><\/div><div id=\"wpforms-303-field_5-container\" class=\"wpforms-field wpforms-field-text\" data-field-id=\"5\"><label class=\"wpforms-field-label\" for=\"wpforms-303-field_5\">M\u00edsto realizace<\/label><input type=\"text\" id=\"wpforms-303-field_5\" class=\"wpforms-field-medium\" name=\"wpforms[fields][5]\" ><div class=\"wpforms-field-description\">Napi\u0161te p\u0159\u00edpadn\u00e9 m\u00edsto realizace<\/div><\/div><div id=\"wpforms-303-field_3-container\" class=\"wpforms-field wpforms-field-textarea\" data-field-id=\"3\"><label class=\"wpforms-field-label\" for=\"wpforms-303-field_3\">Zpr\u00e1va <span class=\"wpforms-required-label\">*<\/span><\/label><textarea id=\"wpforms-303-field_3\" class=\"wpforms-field-medium wpforms-field-required\" name=\"wpforms[fields][3]\" required><\/textarea><\/div><div id=\"wpforms-303-field_4-container\" class=\"wpforms-field wpforms-field-file-upload\" data-field-id=\"4\"><label class=\"wpforms-field-label\" for=\"wpforms-303-field_4\">Poslat soubor<\/label><div\n\t\tclass=\"wpforms-uploader\"\n\t\tdata-field-id=\"4\"\n\t\tdata-form-id=\"303\"\n\t\tdata-input-name=\"wpforms_303_4\"\n\t\tdata-extensions=\"jpg,jpeg,jpe,gif,png,bmp,tiff,tif,webp,avif,ico,heic,heif,heics,heifs,asf,asx,wmv,wmx,wm,avi,divx,mov,qt,mpeg,mpg,mpe,mp4,m4v,ogv,webm,mkv,3gp,3gpp,3g2,3gp2,txt,asc,c,cc,h,srt,csv,tsv,ics,rtx,css,vtt,mp3,m4a,m4b,aac,ra,ram,wav,x-wav,ogg,oga,flac,mid,midi,wma,wax,mka,rtf,pdf,class,tar,zip,gz,gzip,rar,7z,psd,xcf,doc,pot,pps,ppt,wri,xla,xls,xlt,xlw,mpp,docx,docm,dotx,dotm,xlsx,xlsm,xlsb,xltx,xltm,xlam,pptx,pptm,ppsx,ppsm,potx,potm,ppam,sldx,sldm,onetoc,onetoc2,onepkg,oxps,xps,odt,odp,ods,odg,odc,odb,odf,wp,wpd,key,numbers,pages,svg,svgz,xml,json\"\n\t\tdata-max-size=\"26214400\"\n\t\tdata-max-file-number=\"1\"\n\t\tdata-post-max-size=\"268435456\"\n\t\tdata-max-parallel-uploads=\"4\"\n\t\tdata-parallel-uploads=\"true\"\n\t\tdata-file-chunk-size=\"2097152\">\n\t<div class=\"dz-message\">\n\t\t<svg viewBox=\"0 0 1024 1024\" focusable=\"false\" data-icon=\"inbox\" width=\"50px\" height=\"50px\" fill=\"currentColor\" aria-hidden=\"true\">\n\t\t\t<path d=\"M885.2 446.3l-.2-.8-112.2-285.1c-5-16.1-19.9-27.2-36.8-27.2H281.2c-17 0-32.1 11.3-36.9 27.6L139.4 443l-.3.7-.2.8c-1.3 4.9-1.7 9.9-1 14.8-.1 1.6-.2 3.2-.2 4.8V830a60.9 60.9 0 0 0 60.8 60.8h627.2c33.5 0 60.8-27.3 60.9-60.8V464.1c0-1.3 0-2.6-.1-3.7.4-4.9 0-9.6-1.3-14.1zm-295.8-43l-.3 15.7c-.8 44.9-31.8 75.1-77.1 75.1-22.1 0-41.1-7.1-54.8-20.6S436 441.2 435.6 419l-.3-15.7H229.5L309 210h399.2l81.7 193.3H589.4zm-375 76.8h157.3c24.3 57.1 76 90.8 140.4 90.8 33.7 0 65-9.4 90.3-27.2 22.2-15.6 39.5-37.4 50.7-63.6h156.5V814H214.4V480.1z\"><\/path>\n\t\t<\/svg>\n\t\t<span class=\"modern-title\">Click or drag a file to this area to upload.<\/span>\n\n\t\t\t<\/div>\n<\/div>\n<input\n\t\ttype=\"text\"\n\t\tautocomplete=\"off\"\n\t\tclass=\"dropzone-input\"\n\t\tstyle=\"position:absolute!important;clip:rect(0,0,0,0)!important;height:1px!important;width:1px!important;border:0!important;overflow:hidden!important;padding:0!important;margin:0!important;\"\n\t\tid=\"wpforms-303-field_4\"\n\t\tname=\"wpforms_303_4\" \t\tvalue=\"\">\n<div class=\"wpforms-field-description\">Pot\u0159ebujete-li poslat i dokumenty. \r\nMaxim\u00e1ln\u00ed velikost dokument\u016f je 25 MiB.<\/div><\/div><\/div><!-- .wpforms-field-container --><div class=\"wpforms-submit-container\" ><input type=\"hidden\" name=\"wpforms[id]\" value=\"303\"><input type=\"hidden\" name=\"wpforms[author]\" value=\"1\"><button type=\"submit\" name=\"wpforms[submit]\" id=\"wpforms-submit-303\" class=\"wpforms-submit\" data-alt-text=\"Odes\u00edl\u00e1ni...\" data-submit-text=\"Odeslat\" aria-live=\"assertive\" value=\"wpforms-submit\">Odeslat<\/button><img loading=\"lazy\" decoding=\"async\" src=\"http:\/\/rheia.cz\/wp-content\/plugins\/wpforms\/assets\/images\/submit-spin.svg\" class=\"wpforms-submit-spinner\" style=\"display: none;\" width=\"26\" height=\"26\" alt=\"Na\u010d\u00edt\u00e1n\u00ed\"><\/div><\/form><\/div>  <!-- .wpforms-container -->\t\t<\/div>\n\t\t\t\t<\/div>\n\t\t\t\t\t<\/div>\n\t\t<\/div>\n\t\t\t\t\t\t\t<\/div>\n\t\t<\/section>\n\t\t\t\t\t\t\t<\/div>\n\t\t","protected":false},"excerpt":{"rendered":"<p>Izolace chlazen\u00fdch technologick\u00fdch za\u0159\u00edzen\u00ed a rozvod\u016f Izolace chlazen\u00fdch prostor\u016f je nezbytn\u00fdm prvkem pro bezpe\u010dn\u00e9 a \u00fa\u010dinn\u00e9 chlazen\u00ed v pr\u016fmyslov\u00fdch a komer\u010dn\u00edch aplikac\u00edch. Spr\u00e1vn\u00e1 izolace zaru\u010duje, \u017ee teploty budou udr\u017eov\u00e1ny na po\u017eadovan\u00e9 \u00farovni, co\u017e m\u00e1 z\u00e1sadn\u00ed v\u00fdznam pro zachov\u00e1n\u00ed kvality potravin nebo l\u00e9\u010div\u00fdch produkt\u016f a minimalizaci energetick\u00fdch n\u00e1klad\u016f. Energetick\u00e1 \u00fa\u010dinnost: Izolace chlazen\u00fdch za\u0159\u00edzen\u00ed a rozvod\u016f je &hellip;<\/p>\n<p class=\"read-more\"> <a class=\"\" href=\"http:\/\/rheia.cz\/rheia\/izolace-chlazenych-prostoru-brno\/\"> <span class=\"screen-reader-text\">Izolace chlazen\u00fdch prostor\u016f<\/span> Pokra\u010dovat ve \u010dten\u00ed &raquo;<\/a><\/p>\n","protected":false},"author":1,"featured_media":0,"parent":0,"menu_order":0,"comment_status":"closed","ping_status":"closed","template":"","meta":{"site-sidebar-layout":"no-sidebar","site-content-layout":"page-builder","ast-global-header-display":"","ast-banner-title-visibility":"","ast-main-header-display":"","ast-hfb-above-header-display":"","ast-hfb-below-header-display":"","ast-hfb-mobile-header-display":"","site-post-title":"disabled","ast-breadcrumbs-content":"","ast-featured-img":"disabled","footer-sml-layout":"","theme-transparent-header-meta":"","adv-header-id-meta":"","stick-header-meta":"","header-above-stick-meta":"","header-main-stick-meta":"","header-below-stick-meta":"","footnotes":""},"class_list":["post-463","page","type-page","status-publish","hentry"],"yoast_head":"<!-- This site is optimized with the Yoast SEO plugin v21.0 - https:\/\/yoast.com\/wordpress\/plugins\/seo\/ -->\n<title>Izolace chlazen\u00fdch prostor\u016f - RHEIA - V\u00e1\u0161 specialista na izolace<\/title>\n<meta name=\"description\" content=\"Izolace chlazen\u00fdch prostor\u016f je nezbytn\u00fdm prvkem pro bezpe\u010dn\u00e9 a \u00fa\u010dinn\u00e9 chlazen\u00ed v pr\u016fmyslov\u00fdch a komer\u010dn\u00edch aplikac\u00edch. Spr\u00e1vn\u00e1 izolace..\" \/>\n<meta name=\"robots\" content=\"index, follow, max-snippet:-1, max-image-preview:large, max-video-preview:-1\" \/>\n<link rel=\"canonical\" href=\"http:\/\/rheia.cz\/rheia\/izolace-chlazenych-prostoru-brno\/\" \/>\n<meta property=\"og:locale\" content=\"cs_CZ\" \/>\n<meta property=\"og:type\" content=\"article\" \/>\n<meta property=\"og:title\" content=\"Izolace chlazen\u00fdch prostor\u016f - RHEIA - V\u00e1\u0161 specialista na izolace\" \/>\n<meta property=\"og:description\" content=\"Izolace chlazen\u00fdch prostor\u016f je nezbytn\u00fdm prvkem pro bezpe\u010dn\u00e9 a \u00fa\u010dinn\u00e9 chlazen\u00ed v pr\u016fmyslov\u00fdch a komer\u010dn\u00edch aplikac\u00edch. Spr\u00e1vn\u00e1 izolace..\" \/>\n<meta property=\"og:url\" content=\"http:\/\/rheia.cz\/rheia\/izolace-chlazenych-prostoru-brno\/\" \/>\n<meta property=\"og:site_name\" content=\"RHEIA - V\u00e1\u0161 specialista na izolace\" \/>\n<meta property=\"article:modified_time\" content=\"2025-03-08T15:57:46+00:00\" \/>\n<meta property=\"og:image\" content=\"http:\/\/rheia.cz\/wp-content\/uploads\/2023\/08\/cropped-fav.png\" \/>\n<meta name=\"twitter:card\" content=\"summary_large_image\" \/>\n<meta name=\"twitter:label1\" content=\"Odhadovan\u00e1 doba \u010dten\u00ed\" \/>\n\t<meta name=\"twitter:data1\" content=\"2 minuty\" \/>\n<script type=\"application\/ld+json\" class=\"yoast-schema-graph\">{\"@context\":\"https:\/\/schema.org\",\"@graph\":[{\"@type\":\"WebPage\",\"@id\":\"http:\/\/rheia.cz\/rheia\/izolace-chlazenych-prostoru-brno\/\",\"url\":\"http:\/\/rheia.cz\/rheia\/izolace-chlazenych-prostoru-brno\/\",\"name\":\"Izolace chlazen\u00fdch prostor\u016f - RHEIA - V\u00e1\u0161 specialista na izolace\",\"isPartOf\":{\"@id\":\"http:\/\/rheia.cz\/rheia\/#website\"},\"datePublished\":\"2023-08-23T14:27:36+00:00\",\"dateModified\":\"2025-03-08T15:57:46+00:00\",\"description\":\"Izolace chlazen\u00fdch prostor\u016f je nezbytn\u00fdm prvkem pro bezpe\u010dn\u00e9 a \u00fa\u010dinn\u00e9 chlazen\u00ed v pr\u016fmyslov\u00fdch a komer\u010dn\u00edch aplikac\u00edch. Spr\u00e1vn\u00e1 izolace..\",\"breadcrumb\":{\"@id\":\"http:\/\/rheia.cz\/rheia\/izolace-chlazenych-prostoru-brno\/#breadcrumb\"},\"inLanguage\":\"cs\",\"potentialAction\":[{\"@type\":\"ReadAction\",\"target\":[\"http:\/\/rheia.cz\/rheia\/izolace-chlazenych-prostoru-brno\/\"]}]},{\"@type\":\"BreadcrumbList\",\"@id\":\"http:\/\/rheia.cz\/rheia\/izolace-chlazenych-prostoru-brno\/#breadcrumb\",\"itemListElement\":[{\"@type\":\"ListItem\",\"position\":1,\"name\":\"Dom\u016f\",\"item\":\"http:\/\/rheia.cz\/rheia\/\"},{\"@type\":\"ListItem\",\"position\":2,\"name\":\"Izolace chlazen\u00fdch prostor\u016f\"}]},{\"@type\":\"WebSite\",\"@id\":\"http:\/\/rheia.cz\/rheia\/#website\",\"url\":\"http:\/\/rheia.cz\/rheia\/\",\"name\":\"RHEIA - V\u00e1\u0161 specialista na izolace\",\"description\":\"\",\"publisher\":{\"@id\":\"http:\/\/rheia.cz\/rheia\/#organization\"},\"potentialAction\":[{\"@type\":\"SearchAction\",\"target\":{\"@type\":\"EntryPoint\",\"urlTemplate\":\"http:\/\/rheia.cz\/rheia\/?s={search_term_string}\"},\"query-input\":\"required name=search_term_string\"}],\"inLanguage\":\"cs\"},{\"@type\":\"Organization\",\"@id\":\"http:\/\/rheia.cz\/rheia\/#organization\",\"name\":\"RHEIA - V\u00e1\u0161 specialista na izolace\",\"url\":\"http:\/\/rheia.cz\/rheia\/\",\"logo\":{\"@type\":\"ImageObject\",\"inLanguage\":\"cs\",\"@id\":\"http:\/\/rheia.cz\/rheia\/#\/schema\/logo\/image\/\",\"url\":\"http:\/\/rheia.cz\/wp-content\/uploads\/2023\/08\/cropped-lg01.png\",\"contentUrl\":\"http:\/\/rheia.cz\/wp-content\/uploads\/2023\/08\/cropped-lg01.png\",\"width\":1373,\"height\":446,\"caption\":\"RHEIA - V\u00e1\u0161 specialista na izolace\"},\"image\":{\"@id\":\"http:\/\/rheia.cz\/rheia\/#\/schema\/logo\/image\/\"}}]}<\/script>\n<!-- \/ Yoast SEO plugin. -->","yoast_head_json":{"title":"Izolace chlazen\u00fdch prostor\u016f - RHEIA - V\u00e1\u0161 specialista na izolace","description":"Izolace chlazen\u00fdch prostor\u016f je nezbytn\u00fdm prvkem pro bezpe\u010dn\u00e9 a \u00fa\u010dinn\u00e9 chlazen\u00ed v pr\u016fmyslov\u00fdch a komer\u010dn\u00edch aplikac\u00edch. Spr\u00e1vn\u00e1 izolace..","robots":{"index":"index","follow":"follow","max-snippet":"max-snippet:-1","max-image-preview":"max-image-preview:large","max-video-preview":"max-video-preview:-1"},"canonical":"http:\/\/rheia.cz\/rheia\/izolace-chlazenych-prostoru-brno\/","og_locale":"cs_CZ","og_type":"article","og_title":"Izolace chlazen\u00fdch prostor\u016f - RHEIA - V\u00e1\u0161 specialista na izolace","og_description":"Izolace chlazen\u00fdch prostor\u016f je nezbytn\u00fdm prvkem pro bezpe\u010dn\u00e9 a \u00fa\u010dinn\u00e9 chlazen\u00ed v pr\u016fmyslov\u00fdch a komer\u010dn\u00edch aplikac\u00edch. Spr\u00e1vn\u00e1 izolace..","og_url":"http:\/\/rheia.cz\/rheia\/izolace-chlazenych-prostoru-brno\/","og_site_name":"RHEIA - V\u00e1\u0161 specialista na izolace","article_modified_time":"2025-03-08T15:57:46+00:00","og_image":[{"url":"http:\/\/rheia.cz\/wp-content\/uploads\/2023\/08\/cropped-fav.png"}],"twitter_card":"summary_large_image","twitter_misc":{"Odhadovan\u00e1 doba \u010dten\u00ed":"2 minuty"},"schema":{"@context":"https:\/\/schema.org","@graph":[{"@type":"WebPage","@id":"http:\/\/rheia.cz\/rheia\/izolace-chlazenych-prostoru-brno\/","url":"http:\/\/rheia.cz\/rheia\/izolace-chlazenych-prostoru-brno\/","name":"Izolace chlazen\u00fdch prostor\u016f - RHEIA - V\u00e1\u0161 specialista na izolace","isPartOf":{"@id":"http:\/\/rheia.cz\/rheia\/#website"},"datePublished":"2023-08-23T14:27:36+00:00","dateModified":"2025-03-08T15:57:46+00:00","description":"Izolace chlazen\u00fdch prostor\u016f je nezbytn\u00fdm prvkem pro bezpe\u010dn\u00e9 a \u00fa\u010dinn\u00e9 chlazen\u00ed v pr\u016fmyslov\u00fdch a komer\u010dn\u00edch aplikac\u00edch. Spr\u00e1vn\u00e1 izolace..","breadcrumb":{"@id":"http:\/\/rheia.cz\/rheia\/izolace-chlazenych-prostoru-brno\/#breadcrumb"},"inLanguage":"cs","potentialAction":[{"@type":"ReadAction","target":["http:\/\/rheia.cz\/rheia\/izolace-chlazenych-prostoru-brno\/"]}]},{"@type":"BreadcrumbList","@id":"http:\/\/rheia.cz\/rheia\/izolace-chlazenych-prostoru-brno\/#breadcrumb","itemListElement":[{"@type":"ListItem","position":1,"name":"Dom\u016f","item":"http:\/\/rheia.cz\/rheia\/"},{"@type":"ListItem","position":2,"name":"Izolace chlazen\u00fdch prostor\u016f"}]},{"@type":"WebSite","@id":"http:\/\/rheia.cz\/rheia\/#website","url":"http:\/\/rheia.cz\/rheia\/","name":"RHEIA - V\u00e1\u0161 specialista na izolace","description":"","publisher":{"@id":"http:\/\/rheia.cz\/rheia\/#organization"},"potentialAction":[{"@type":"SearchAction","target":{"@type":"EntryPoint","urlTemplate":"http:\/\/rheia.cz\/rheia\/?s={search_term_string}"},"query-input":"required name=search_term_string"}],"inLanguage":"cs"},{"@type":"Organization","@id":"http:\/\/rheia.cz\/rheia\/#organization","name":"RHEIA - V\u00e1\u0161 specialista na izolace","url":"http:\/\/rheia.cz\/rheia\/","logo":{"@type":"ImageObject","inLanguage":"cs","@id":"http:\/\/rheia.cz\/rheia\/#\/schema\/logo\/image\/","url":"http:\/\/rheia.cz\/wp-content\/uploads\/2023\/08\/cropped-lg01.png","contentUrl":"http:\/\/rheia.cz\/wp-content\/uploads\/2023\/08\/cropped-lg01.png","width":1373,"height":446,"caption":"RHEIA - V\u00e1\u0161 specialista na izolace"},"image":{"@id":"http:\/\/rheia.cz\/rheia\/#\/schema\/logo\/image\/"}}]}},"_links":{"self":[{"href":"http:\/\/rheia.cz\/rheia\/wp-json\/wp\/v2\/pages\/463","targetHints":{"allow":["GET"]}}],"collection":[{"href":"http:\/\/rheia.cz\/rheia\/wp-json\/wp\/v2\/pages"}],"about":[{"href":"http:\/\/rheia.cz\/rheia\/wp-json\/wp\/v2\/types\/page"}],"author":[{"embeddable":true,"href":"http:\/\/rheia.cz\/rheia\/wp-json\/wp\/v2\/users\/1"}],"replies":[{"embeddable":true,"href":"http:\/\/rheia.cz\/rheia\/wp-json\/wp\/v2\/comments?post=463"}],"version-history":[{"count":36,"href":"http:\/\/rheia.cz\/rheia\/wp-json\/wp\/v2\/pages\/463\/revisions"}],"predecessor-version":[{"id":1051,"href":"http:\/\/rheia.cz\/rheia\/wp-json\/wp\/v2\/pages\/463\/revisions\/1051"}],"wp:attachment":[{"href":"http:\/\/rheia.cz\/rheia\/wp-json\/wp\/v2\/media?parent=463"}],"curies":[{"name":"wp","href":"https:\/\/api.w.org\/{rel}","templated":true}]}}